{"id":9323,"date":"2024-09-03T08:26:37","date_gmt":"2024-09-03T08:26:37","guid":{"rendered":"https:\/\/www.lecarredor.lu\/liposuccion-sous-anesthesie-locale\/"},"modified":"2024-10-02T13:54:33","modified_gmt":"2024-10-02T13:54:33","slug":"liposuction-under-local-anesthesia","status":"publish","type":"page","link":"https:\/\/www.lecarredor.lu\/en\/liposuction-under-local-anesthesia\/","title":{"rendered":"Liposuction under local anesthesia"},"content":{"rendered":"\t\t<div data-elementor-type=\"wp-page\" data-elementor-id=\"9323\" class=\"elementor elementor-9323 elementor-8419\" data-elementor-post-type=\"page\">\n\t\t\t\t<div class=\"elementor-element elementor-element-3faa3ea e-flex e-con-boxed e-con e-parent \" data-id=\"3faa3ea\" data-element_type=\"container\" data-e-type=\"container\" data-settings=\"{&quot;background_background&quot;:&quot;classic&quot;}\">\t\t\t<div class=\"e-con-inner\">\r\n\t\t\t\t<div class=\"elementor-element elementor-element-f9e42ec elementor-widget elementor-widget-pxl_heading\" data-id=\"f9e42ec\" data-element_type=\"widget\" data-e-type=\"widget\" data-widget_type=\"pxl_heading.default\">\n\t\t\t\t<div class=\"elementor-widget-container\">\n\t\t\t\t\t<div id=\"pxl-pxl_heading-f9e42ec-9642\" class=\"pxl-heading px-sub-title-under-style\">\n\t<div class=\"pxl-heading--inner\">\n\t\t\n\t\t\n\t\t<h3 class=\"pxl-item--title wow fadeInUp\" data-wow-delay=\"ms\">\n\t\t\tDiscover our services\t\t\n\t\t<\/h3>\n\n\t\t\t\t\t<div class=\"pxl-item--subtitle px-sub-title-under wow fadeInDown\" data-wow-delay=\"ms\">\n\t\t\t\t<span class=\"pxl-item--subtext\">\n\t\t\t\t\tLiposuction under local anesthesia\t\t\t\t<\/span>\n\t\t\t<\/div>\n\t\t\n\t\t\n\t\t\t\t\n\t<\/div>\n<\/div>\t\t\t\t<\/div>\n\t\t\t\t<\/div>\n\t\t\t\t<div class=\"elementor-element elementor-element-6b87e32 pxl-post-layout-service-1 elementor-widget elementor-widget-pxl_post_grid\" data-id=\"6b87e32\" data-element_type=\"widget\" data-e-type=\"widget\" data-widget_type=\"pxl_post_grid.default\">\n\t\t\t\t<div class=\"elementor-widget-container\">\n\t\t\t\t\t\n<div id=\"pxl_post_grid-6b87e32-1220\" class=\"pxl-grid pxl-service-grid pxl-service-layout1\" data-layout=\"masonry\" data-start-page=\"1\" data-max-pages=\"1\" data-total=\"2\" data-perpage=\"50\" data-next-link=\"\">\n    \n    <div class=\"pxl-grid-inner pxl-grid-masonry row\" data-gutter=\"15\">\n                    <div class=\"pxl-grid-item col-xl-12 col-lg-12 col-md-12 col-sm-12 col-12 \">\n                <div class=\"pxl-item--inner pxl-not-active wow fadeInUp\" data-wow-duration=\"1.2s\">\n                    <div class=\"pxl-item--image hover-imge-effect3\">\n                                                    <div class=\"bg-image\" style=\"--pg-background-image: url('https:\/\/www.lecarredor.lu\/wp-content\/uploads\/2024\/08\/Chirurgien-esthetique.jpeg');\">\n                                <a href=\"https:\/\/www.lecarredor.lu\/en\/service\/chirurgien-esthetique-specialise-dans-la-liposuccion-de-la-culotte-de-cheval-a-nice\/\">\n                                    <img fetchpriority=\"high\" decoding=\"async\" class=\"no-lazyload \" src=\"https:\/\/www.lecarredor.lu\/wp-content\/uploads\/2024\/08\/Chirurgien-esthetique-700x467.jpeg\" width=\"700\" height=\"467\" alt=\"chirurgien-esth\u00e9tique\" title=\"chirurgien-esth\u00e9tique\" \/>                                <\/a>\n                            <\/div>\n                                            <\/div>\n                    <div class=\"pxl-item--holder\">\n                                                                        \n                        <h3 class=\"pxl-item--title\">\n                            <a href=\"https:\/\/www.lecarredor.lu\/en\/service\/chirurgien-esthetique-specialise-dans-la-liposuccion-de-la-culotte-de-cheval-a-nice\/\">Cosmetic surgeon specializing in liposuction for saddle bags in Luxembourg.<\/a>\n                        <\/h3>\n                                                    <div class=\"pxl-item--content\">\n                                Are you looking for a cosmetic surgeon specializing in liposuction in Luxembourg? Do you want to get rid of your saddle bags?                            <\/div>\n                                                                            <div class=\"pxl-item--readmore\">\n                                <a href=\"https:\/\/www.lecarredor.lu\/en\/service\/chirurgien-esthetique-specialise-dans-la-liposuccion-de-la-culotte-de-cheval-a-nice\/\">\n                                    <span class=\"pxl-mr-15\">Read more<\/span>\n                                    <i class=\"fal fa-long-arrow-right\"><\/i>\n                                <\/a>\n                            <\/div>\n                                            <\/div>\n                <\/div>\n            <\/div>\n                    <div class=\"pxl-grid-item col-xl-12 col-lg-12 col-md-12 col-sm-12 col-12 \">\n                <div class=\"pxl-item--inner pxl-not-active wow fadeInUp\" data-wow-duration=\"1.2s\">\n                    <div class=\"pxl-item--image hover-imge-effect3\">\n                                                    <div class=\"bg-image\" style=\"--pg-background-image: url('https:\/\/www.lecarredor.lu\/wp-content\/uploads\/2024\/08\/liposuccion-de-la-face.jpg');\">\n                                <a href=\"https:\/\/www.lecarredor.lu\/en\/service\/liposuccion-de-la-face-externe-de-la-cuisse-pour-supprimer-la-culotte-de-cheval-dans-un-centre-esthetique-a-luxembourg\/\">\n                                    <img decoding=\"async\" class=\"no-lazyload \" src=\"https:\/\/www.lecarredor.lu\/wp-content\/uploads\/2024\/08\/liposuccion-de-la-face-700x467.jpg\" width=\"700\" height=\"467\" alt=\"liposuccion-de-la-face\" title=\"liposuccion-de-la-face\" \/>                                <\/a>\n                            <\/div>\n                                            <\/div>\n                    <div class=\"pxl-item--holder\">\n                                                                        \n                        <h3 class=\"pxl-item--title\">\n                            <a href=\"https:\/\/www.lecarredor.lu\/en\/service\/liposuccion-de-la-face-externe-de-la-cuisse-pour-supprimer-la-culotte-de-cheval-dans-un-centre-esthetique-a-luxembourg\/\">Liposuction of the outer thigh to eliminate saddlebags in an aesthetic center in Luxembourg.<\/a>\n                        <\/h3>\n                                                    <div class=\"pxl-item--content\">\n                                Vous aimeriez faire appel \u00e0 un m\u00e9decin sp\u00e9cialis\u00e9 dans la\u00a0chirurgie de la silhouette\u00a0et dans la liposuccion ? Vous souhaitez un traitement efficace et sans douleur pour \u00e9liminer la graisse au niveau de la face externe de la cuisse ?                            <\/div>\n                                                                            <div class=\"pxl-item--readmore\">\n                                <a href=\"https:\/\/www.lecarredor.lu\/en\/service\/liposuccion-de-la-face-externe-de-la-cuisse-pour-supprimer-la-culotte-de-cheval-dans-un-centre-esthetique-a-luxembourg\/\">\n                                    <span class=\"pxl-mr-15\">Read more<\/span>\n                                    <i class=\"fal fa-long-arrow-right\"><\/i>\n                                <\/a>\n                            <\/div>\n                                            <\/div>\n                <\/div>\n            <\/div>\n                <div class=\"grid-sizer col-xl-12 col-lg-12 col-md-12 col-sm-12 col-12\"><\/div>\n    <\/div>\n            <div class=\"pxl-grid-pagination\" data-loadmore=\"{&quot;post_type&quot;:&quot;service&quot;,&quot;layout&quot;:&quot;service-1&quot;,&quot;startPage&quot;:1,&quot;maxPages&quot;:1,&quot;total&quot;:2,&quot;perpage&quot;:50,&quot;nextLink&quot;:&quot;&quot;,&quot;source&quot;:[&quot;liposuction-under-local-anesthesia|service-category&quot;],&quot;orderby&quot;:&quot;date&quot;,&quot;order&quot;:&quot;asc&quot;,&quot;limit&quot;:50,&quot;post_ids&quot;:[],&quot;col_xl&quot;:12,&quot;col_lg&quot;:12,&quot;col_md&quot;:12,&quot;col_sm&quot;:12,&quot;col_xs&quot;:12,&quot;pagination_type&quot;:&quot;pagination&quot;,&quot;show_excerpt&quot;:&quot;true&quot;,&quot;show_button&quot;:&quot;true&quot;,&quot;button_text&quot;:&quot;Read more&quot;,&quot;num_words&quot;:150,&quot;img_size&quot;:&quot;&quot;,&quot;grid_masonry&quot;:&quot;&quot;,&quot;pxl_animate&quot;:&quot;wow fadeInUp&quot;,&quot;html_id&quot;:&quot;pxl_post_grid-6b87e32-1220&quot;,&quot;tax&quot;:[]}\" data-query=\"{&quot;post_type&quot;:&quot;service&quot;,&quot;post_status&quot;:&quot;publish&quot;,&quot;posts_per_page&quot;:50,&quot;order&quot;:&quot;asc&quot;,&quot;orderby&quot;:&quot;date&quot;,&quot;tax_query&quot;:{&quot;relation&quot;:&quot;OR&quot;,&quot;0&quot;:{&quot;taxonomy&quot;:&quot;service-category&quot;,&quot;field&quot;:&quot;slug&quot;,&quot;operator&quot;:&quot;IN&quot;,&quot;terms&quot;:[&quot;liposuction-under-local-anesthesia&quot;]}},&quot;post__not_in&quot;:[9323]}\">\n                    <\/div>\n        <\/div>\t\t\t\t<\/div>\n\t\t\t\t<\/div>\n\t\t\t\t\t<\/div>\r\n\t\t\t\t<\/div>\r\n\t\t\t\t<\/div>\n\t\t","protected":false},"excerpt":{"rendered":"<p>Discover our services Liposuction under local anesthesia Cosmetic surgeon specializing in liposuction for saddle bags in Luxembourg. Are you looking for a cosmetic surgeon specializing in liposuction in Luxembourg? Do you want to get rid of your saddle bags? Read more Liposuction of the outer thigh to eliminate saddlebags in an aesthetic center in Luxembourg. [&hellip;]<\/p>\n","protected":false},"author":1,"featured_media":8846,"parent":0,"menu_order":0,"comment_status":"closed","ping_status":"closed","template":"","meta":{"footnotes":""},"class_list":["post-9323","page","type-page","status-publish","has-post-thumbnail","hentry"],"_links":{"self":[{"href":"https:\/\/www.lecarredor.lu\/en\/wp-json\/wp\/v2\/pages\/9323","targetHints":{"allow":["GET"]}}],"collection":[{"href":"https:\/\/www.lecarredor.lu\/en\/wp-json\/wp\/v2\/pages"}],"about":[{"href":"https:\/\/www.lecarredor.lu\/en\/wp-json\/wp\/v2\/types\/page"}],"author":[{"embeddable":true,"href":"https:\/\/www.lecarredor.lu\/en\/wp-json\/wp\/v2\/users\/1"}],"replies":[{"embeddable":true,"href":"https:\/\/www.lecarredor.lu\/en\/wp-json\/wp\/v2\/comments?post=9323"}],"version-history":[{"count":4,"href":"https:\/\/www.lecarredor.lu\/en\/wp-json\/wp\/v2\/pages\/9323\/revisions"}],"predecessor-version":[{"id":9327,"href":"https:\/\/www.lecarredor.lu\/en\/wp-json\/wp\/v2\/pages\/9323\/revisions\/9327"}],"wp:featuredmedia":[{"embeddable":true,"href":"https:\/\/www.lecarredor.lu\/en\/wp-json\/wp\/v2\/media\/8846"}],"wp:attachment":[{"href":"https:\/\/www.lecarredor.lu\/en\/wp-json\/wp\/v2\/media?parent=9323"}],"curies":[{"name":"wp","href":"https:\/\/api.w.org\/{rel}","templated":true}]}}